{"id":3,"date":"2025-03-25T04:12:19","date_gmt":"2025-03-25T04:12:19","guid":{"rendered":"https:\/\/www.annallados.com\/?page_id=3"},"modified":"2025-09-23T13:42:13","modified_gmt":"2025-09-23T13:42:13","slug":"privacy-policy","status":"publish","type":"page","link":"https:\/\/www.annallados.com\/index.php\/privacy-policy\/","title":{"rendered":"Pol\u00edtica de Privacidad"},"content":{"rendered":"\n<p>La presente Pol\u00edtica de Privacidad regula el uso del servicio del portal de Internet con direcci\u00f3n www.annallados.com, cuyo responsable a efectos identificativos es:<\/p>\n\n\n\n<ul class=\"wp-block-list\">\n<li>Responsable: ANA LLAD\u00d3S SOL\u00c9<\/li>\n\n\n\n<li>NIF: 78084944J<\/li>\n\n\n\n<li>Direcci\u00f3n: ANDADOR LUIS PUNTES, 4<\/li>\n\n\n\n<li>Tel\u00e9fono: 654496986<\/li>\n\n\n\n<li>Mail: ANNALLADOSSOLE@GMAIL.COM<\/li>\n<\/ul>\n\n\n\n<p><\/p>\n\n\n\n<p><strong><u>Finalidad, \u00bfPara qu\u00e9 tratamos sus datos?<\/u><\/strong><\/p>\n\n\n\n<p>A efecto de lo previsto en RGPD de 27 de abril de 2016, y la LO 3\/2018, trataremos los datos que recojamos para las siguientes finalidades:<\/p>\n\n\n\n<ul class=\"wp-block-list\">\n<li>Contactar con usted en caso de que as\u00ed nos lo pida.<\/li>\n\n\n\n<li>Gestionar su navegaci\u00f3n en la web, en su caso.<\/li>\n\n\n\n<li>Remitirle comunicaciones comerciales acerca de nuestros productos y servicios.<\/li>\n<\/ul>\n\n\n\n<p>Para ello el usuario dispondr\u00e1 de un formulario de registro cuya cumplimentaci\u00f3n legitimar\u00e1 al interesado al acceso y disfrute de determinados servicios ofrecidos en la web.<\/p>\n\n\n\n<p>No obstante, se informa al usuario que en todo formulario de contacto el mismo ser\u00e1 informado del uso que se har\u00e1 de los datos obtenidos y, si son utilizados para un fin distinto, dicho consentimiento se obtendr\u00e1 previamente y de manera expresa.<\/p>\n\n\n\n<p>Si el consentimiento del interesado se da en el contexto de una declaraci\u00f3n escrita que tambi\u00e9n se refiera a otros asuntos, la solicitud de consentimiento se presentar\u00e1 de tal forma que se distinga claramente de los dem\u00e1s asuntos, de forma inteligible y de f\u00e1cil acceso y utilizando un lenguaje claro y sencillo, de conformidad con el art\u00edculo 7.2 del RGPD de 27 de abril de 2016.<\/p>\n\n\n\n<p><\/p>\n\n\n\n<p><strong><u>Legitimaci\u00f3n, \u00bfCu\u00e1l es la legitimaci\u00f3n para el tratamiento de sus datos?<\/u><\/strong><\/p>\n\n\n\n<p>La base legal para el tratamiento de sus datos se basar\u00e1 en:<\/p>\n\n\n\n<ul class=\"wp-block-list\">\n<li>El consentimiento del interesado, para el tratamiento de sus datos, conforme el art\u00edculo 6. 1. a) del Reglamento General Europeo de Protecci\u00f3n de Datos.<\/li>\n\n\n\n<li>La necesaria ejecuci\u00f3n de un contrato en el que el interesado es parte o para la aplicaci\u00f3n a petici\u00f3n de este de medidas precontractuales, conforme el art\u00edculo 6. 1. b) del Reglamento General Europeo de Protecci\u00f3n de Datos.<\/li>\n<\/ul>\n\n\n\n<p><\/p>\n\n\n\n<p><strong><u>Destinatarios \u00bfA qui\u00e9n comunicamos tus datos?<\/u><\/strong><\/p>\n\n\n\n<p>Los datos personales no ser\u00e1n objeto de cesi\u00f3n salvo en el cumplimiento de obligaciones legalmente establecidas o para dar soporte a los servicios vinculados a este tratamiento.<\/p>\n\n\n\n<p><\/p>\n\n\n\n<p><strong><u>Conservaci\u00f3n, \u00bfDurante cu\u00e1nto tiempo conservamos tus datos?<\/u><\/strong><\/p>\n\n\n\n<p>Conservaremos sus datos de car\u00e1cter personal durante al menos 5 a\u00f1os en caso de que sea cliente y para el estricto cumplimiento de las obligaciones legales establecidas en la normativa.<\/p>\n\n\n\n<p>En caso de no ser cliente conservaremos sus datos el m\u00ednimo tiempo indispensable para gestionar nuestra relaci\u00f3n.<\/p>\n\n\n\n<p><\/p>\n\n\n\n<p><strong><u>Derechos, \u00bfCu\u00e1les son tus derechos cuando nos facilitas tus datos?<\/u><\/strong><\/p>\n\n\n\n<p>Cualquier persona tiene derecho a obtener confirmaci\u00f3n sobre si se est\u00e1n tratando datos personales que le conciernan.<\/p>\n\n\n\n<p>Las personas interesadas tienen derecho a poder acceder a sus datos personales, as\u00ed como a solicitar la rectificaci\u00f3n de los datos inexactos o, en su caso, solicitar su supresi\u00f3n cuando, entre otros motivos, los datos ya no sean necesarios para los fines que fueron recogidos.<\/p>\n\n\n\n<p>En determinadas circunstancias, las personas interesadas podr\u00e1n solicitar la limitaci\u00f3n del tratamiento de sus datos, en cuyo caso \u00fanicamente los conservaremos para el ejercicio o la defensa de reclamaciones.<\/p>\n\n\n\n<p>En determinadas circunstancias y por motivos relacionados con su situaci\u00f3n particular, las personas interesadas podr\u00e1n oponerse al tratamiento de sus datos. En tal caso, dejar\u00e1n de tratarse los datos, salvo por motivos leg\u00edtimos o el ejercicio o la defensa de posibles reclamaciones.<\/p>\n\n\n\n<p>Las personas interesadas podr\u00e1n solicitar la portabilidad de los datos para obtener los datos que han proporcionado en un formato estructurado, de uso com\u00fan y de lectura mec\u00e1nica, para ser descargados por s\u00ed mismos o transmitidos a otra entidad.<\/p>\n\n\n\n<p>La persona interesada puede ejercitar sus derechos dirigiendo un correo electr\u00f3nico a la direcci\u00f3n de correo electr\u00f3nico ANNALLADOSSOLE@GMAIL.COM, o en su caso a la direcci\u00f3n f\u00edsica ANDADOR LUIS PUNTES, 4.<\/p>\n\n\n\n<p><\/p>\n\n\n\n<p><strong><u>Consentimiento menores, \u00bfQu\u00e9 pasa si eres menor de edad?<\/u><\/strong><\/p>\n\n\n\n<p>En el supuesto que algunos de nuestros servicios vayan dirigidos espec\u00edficamente a menores de catorce a\u00f1os, solicitaremos la conformidad de los padres o tutores para la recogida de los datos personales o, en su caso, para el tratamiento automatizado de los datos conforme el art\u00edculo 7 de la LOPDGDD.<\/p>\n\n\n\n<p><\/p>\n\n\n\n<p><strong><u>Exactitud, veracidad y seguridad de los datos, \u00bfC\u00f3mo tratamos tus datos?<\/u><\/strong><\/p>\n\n\n\n<p>El Usuario es el \u00fanico responsable de la veracidad y correcci\u00f3n de los datos incluidos, exoner\u00e1ndonos de cualquier responsabilidad al respecto. Los usuarios garantizan y responden, en cualquier caso, de la exactitud, vigencia y autenticidad de los datos personales facilitados, y se comprometen a mantenerlos debidamente actualizados. El usuario acepta proporcionar informaci\u00f3n completa y correcta en los formularios de registro o suscripci\u00f3n. No responderemos de la veracidad de las informaciones que no sean de elaboraci\u00f3n propia y de las que se indique otra fuente, por lo que tampoco asume responsabilidad alguna en cuanto a hipot\u00e9ticos perjuicios que pudieran originarse por el uso de dicha informaci\u00f3n.<\/p>\n\n\n\n<p>Tambi\u00e9n reservaremos el derecho a actualizar, modificar o eliminar la informaci\u00f3n contenida en la web pudiendo incluso limitar o no permitir el acceso a dicha informaci\u00f3n. No seremos responsables ante cualquier da\u00f1o o perjuicio que pudiera sufrir el Usuario como consecuencia de errores, defectos u omisiones, en la informaci\u00f3n facilitada por el responsable siempre que proceda de fuentes ajenas.<\/p>\n\n\n\n<p>Los datos ser\u00e1n tratados de forma confidencial y bajo el sometimiento a medidas t\u00e9cnicas y organizativas de seguridad adecuadas para evitar su alteraci\u00f3n, p\u00e9rdida, tratamiento o acceso no autorizado.<\/p>\n\n\n\n<p>Podr\u00e1 presentar una reclamaci\u00f3n ante la Agencia Espa\u00f1ola de Protecci\u00f3n de Datos, especialmente cuando no haya obtenido satisfacci\u00f3n en el ejercicio de sus derechos, en la direcci\u00f3n postal y\/o electr\u00f3nica indicada en la p\u00e1gina www.aepd.es.<\/p>\n\n\n\n<p><\/p>\n\n\n\n<p><\/p>\n","protected":false},"excerpt":{"rendered":"<p>La presente Pol\u00edtica de Privacidad regula el uso del servicio del portal de Internet con direcci\u00f3n www.annallados.com, cuyo responsable a efectos identificativos es: Finalidad, \u00bfPara qu\u00e9 tratamos sus datos? A efecto de lo previsto en RGPD de 27 de abril de 2016, y la LO 3\/2018, trataremos los datos que recojamos para las siguientes finalidades: [&hellip;]<\/p>\n","protected":false},"author":1,"featured_media":0,"parent":0,"menu_order":0,"comment_status":"closed","ping_status":"open","template":"","meta":{"_eb_attr":"","footnotes":""},"class_list":["post-3","page","type-page","status-publish","hentry"],"yoast_head":"<!-- This site is optimized with the Yoast SEO plugin v24.7 - https:\/\/yoast.com\/wordpress\/plugins\/seo\/ -->\n<title>Pol\u00edtica de Privacidad - Anna Llad&oacute;s<\/title>\n<meta name=\"robots\" content=\"index, follow, max-snippet:-1, max-image-preview:large, max-video-preview:-1\" \/>\n<link rel=\"canonical\" href=\"https:\/\/www.annallados.com\/index.php\/privacy-policy\/\" \/>\n<meta property=\"og:locale\" content=\"es_ES\" \/>\n<meta property=\"og:type\" content=\"article\" \/>\n<meta property=\"og:title\" content=\"Pol\u00edtica de Privacidad - Anna Llad&oacute;s\" \/>\n<meta property=\"og:description\" content=\"La presente Pol\u00edtica de Privacidad regula el uso del servicio del portal de Internet con direcci\u00f3n www.annallados.com, cuyo responsable a efectos identificativos es: Finalidad, \u00bfPara qu\u00e9 tratamos sus datos? A efecto de lo previsto en RGPD de 27 de abril de 2016, y la LO 3\/2018, trataremos los datos que recojamos para las siguientes finalidades: [&hellip;]\" \/>\n<meta property=\"og:url\" content=\"https:\/\/www.annallados.com\/index.php\/privacy-policy\/\" \/>\n<meta property=\"og:site_name\" content=\"Anna Llad&oacute;s\" \/>\n<meta property=\"article:modified_time\" content=\"2025-09-23T13:42:13+00:00\" \/>\n<meta name=\"twitter:card\" content=\"summary_large_image\" \/>\n<meta name=\"twitter:label1\" content=\"Tiempo de lectura\" \/>\n\t<meta name=\"twitter:data1\" content=\"5 minutos\" \/>\n<script type=\"application\/ld+json\" class=\"yoast-schema-graph\">{\"@context\":\"https:\/\/schema.org\",\"@graph\":[{\"@type\":\"WebPage\",\"@id\":\"https:\/\/www.annallados.com\/index.php\/privacy-policy\/\",\"url\":\"https:\/\/www.annallados.com\/index.php\/privacy-policy\/\",\"name\":\"Pol\u00edtica de Privacidad - Anna Llad&oacute;s\",\"isPartOf\":{\"@id\":\"https:\/\/www.annallados.com\/#website\"},\"datePublished\":\"2025-03-25T04:12:19+00:00\",\"dateModified\":\"2025-09-23T13:42:13+00:00\",\"breadcrumb\":{\"@id\":\"https:\/\/www.annallados.com\/index.php\/privacy-policy\/#breadcrumb\"},\"inLanguage\":\"es\",\"potentialAction\":[{\"@type\":\"ReadAction\",\"target\":[\"https:\/\/www.annallados.com\/index.php\/privacy-policy\/\"]}]},{\"@type\":\"BreadcrumbList\",\"@id\":\"https:\/\/www.annallados.com\/index.php\/privacy-policy\/#breadcrumb\",\"itemListElement\":[{\"@type\":\"ListItem\",\"position\":1,\"name\":\"Portada\",\"item\":\"https:\/\/www.annallados.com\/\"},{\"@type\":\"ListItem\",\"position\":2,\"name\":\"Pol\u00edtica de Privacidad\"}]},{\"@type\":\"WebSite\",\"@id\":\"https:\/\/www.annallados.com\/#website\",\"url\":\"https:\/\/www.annallados.com\/\",\"name\":\"Anna Llad&oacute;s\",\"description\":\"Felicidad y Bienestar\",\"publisher\":{\"@id\":\"https:\/\/www.annallados.com\/#organization\"},\"potentialAction\":[{\"@type\":\"SearchAction\",\"target\":{\"@type\":\"EntryPoint\",\"urlTemplate\":\"https:\/\/www.annallados.com\/?s={search_term_string}\"},\"query-input\":{\"@type\":\"PropertyValueSpecification\",\"valueRequired\":true,\"valueName\":\"search_term_string\"}}],\"inLanguage\":\"es\"},{\"@type\":\"Organization\",\"@id\":\"https:\/\/www.annallados.com\/#organization\",\"name\":\"Anna Llad&oacute;s\",\"url\":\"https:\/\/www.annallados.com\/\",\"logo\":{\"@type\":\"ImageObject\",\"inLanguage\":\"es\",\"@id\":\"https:\/\/www.annallados.com\/#\/schema\/logo\/image\/\",\"url\":\"https:\/\/www.annallados.com\/wp-content\/uploads\/2025\/03\/cropped-logo.jpg\",\"contentUrl\":\"https:\/\/www.annallados.com\/wp-content\/uploads\/2025\/03\/cropped-logo.jpg\",\"width\":150,\"height\":150,\"caption\":\"Anna Llad&oacute;s\"},\"image\":{\"@id\":\"https:\/\/www.annallados.com\/#\/schema\/logo\/image\/\"}}]}<\/script>\n<!-- \/ Yoast SEO plugin. -->","yoast_head_json":{"title":"Pol\u00edtica de Privacidad - Anna Llad&oacute;s","robots":{"index":"index","follow":"follow","max-snippet":"max-snippet:-1","max-image-preview":"max-image-preview:large","max-video-preview":"max-video-preview:-1"},"canonical":"https:\/\/www.annallados.com\/index.php\/privacy-policy\/","og_locale":"es_ES","og_type":"article","og_title":"Pol\u00edtica de Privacidad - Anna Llad&oacute;s","og_description":"La presente Pol\u00edtica de Privacidad regula el uso del servicio del portal de Internet con direcci\u00f3n www.annallados.com, cuyo responsable a efectos identificativos es: Finalidad, \u00bfPara qu\u00e9 tratamos sus datos? A efecto de lo previsto en RGPD de 27 de abril de 2016, y la LO 3\/2018, trataremos los datos que recojamos para las siguientes finalidades: [&hellip;]","og_url":"https:\/\/www.annallados.com\/index.php\/privacy-policy\/","og_site_name":"Anna Llad&oacute;s","article_modified_time":"2025-09-23T13:42:13+00:00","twitter_card":"summary_large_image","twitter_misc":{"Tiempo de lectura":"5 minutos"},"schema":{"@context":"https:\/\/schema.org","@graph":[{"@type":"WebPage","@id":"https:\/\/www.annallados.com\/index.php\/privacy-policy\/","url":"https:\/\/www.annallados.com\/index.php\/privacy-policy\/","name":"Pol\u00edtica de Privacidad - Anna Llad&oacute;s","isPartOf":{"@id":"https:\/\/www.annallados.com\/#website"},"datePublished":"2025-03-25T04:12:19+00:00","dateModified":"2025-09-23T13:42:13+00:00","breadcrumb":{"@id":"https:\/\/www.annallados.com\/index.php\/privacy-policy\/#breadcrumb"},"inLanguage":"es","potentialAction":[{"@type":"ReadAction","target":["https:\/\/www.annallados.com\/index.php\/privacy-policy\/"]}]},{"@type":"BreadcrumbList","@id":"https:\/\/www.annallados.com\/index.php\/privacy-policy\/#breadcrumb","itemListElement":[{"@type":"ListItem","position":1,"name":"Portada","item":"https:\/\/www.annallados.com\/"},{"@type":"ListItem","position":2,"name":"Pol\u00edtica de Privacidad"}]},{"@type":"WebSite","@id":"https:\/\/www.annallados.com\/#website","url":"https:\/\/www.annallados.com\/","name":"Anna Llad&oacute;s","description":"Felicidad y Bienestar","publisher":{"@id":"https:\/\/www.annallados.com\/#organization"},"potentialAction":[{"@type":"SearchAction","target":{"@type":"EntryPoint","urlTemplate":"https:\/\/www.annallados.com\/?s={search_term_string}"},"query-input":{"@type":"PropertyValueSpecification","valueRequired":true,"valueName":"search_term_string"}}],"inLanguage":"es"},{"@type":"Organization","@id":"https:\/\/www.annallados.com\/#organization","name":"Anna Llad&oacute;s","url":"https:\/\/www.annallados.com\/","logo":{"@type":"ImageObject","inLanguage":"es","@id":"https:\/\/www.annallados.com\/#\/schema\/logo\/image\/","url":"https:\/\/www.annallados.com\/wp-content\/uploads\/2025\/03\/cropped-logo.jpg","contentUrl":"https:\/\/www.annallados.com\/wp-content\/uploads\/2025\/03\/cropped-logo.jpg","width":150,"height":150,"caption":"Anna Llad&oacute;s"},"image":{"@id":"https:\/\/www.annallados.com\/#\/schema\/logo\/image\/"}}]}},"_links":{"self":[{"href":"https:\/\/www.annallados.com\/index.php\/wp-json\/wp\/v2\/pages\/3","targetHints":{"allow":["GET"]}}],"collection":[{"href":"https:\/\/www.annallados.com\/index.php\/wp-json\/wp\/v2\/pages"}],"about":[{"href":"https:\/\/www.annallados.com\/index.php\/wp-json\/wp\/v2\/types\/page"}],"author":[{"embeddable":true,"href":"https:\/\/www.annallados.com\/index.php\/wp-json\/wp\/v2\/users\/1"}],"replies":[{"embeddable":true,"href":"https:\/\/www.annallados.com\/index.php\/wp-json\/wp\/v2\/comments?post=3"}],"version-history":[{"count":3,"href":"https:\/\/www.annallados.com\/index.php\/wp-json\/wp\/v2\/pages\/3\/revisions"}],"predecessor-version":[{"id":62,"href":"https:\/\/www.annallados.com\/index.php\/wp-json\/wp\/v2\/pages\/3\/revisions\/62"}],"wp:attachment":[{"href":"https:\/\/www.annallados.com\/index.php\/wp-json\/wp\/v2\/media?parent=3"}],"curies":[{"name":"wp","href":"https:\/\/api.w.org\/{rel}","templated":true}]}}