{"id":48,"date":"2025-09-23T13:27:46","date_gmt":"2025-09-23T13:27:46","guid":{"rendered":"https:\/\/www.annallados.com\/?page_id=48"},"modified":"2025-09-23T13:36:10","modified_gmt":"2025-09-23T13:36:10","slug":"aviso-legal","status":"publish","type":"page","link":"https:\/\/www.annallados.com\/index.php\/aviso-legal\/","title":{"rendered":"Aviso Legal"},"content":{"rendered":"\t\t<div data-elementor-type=\"wp-page\" data-elementor-id=\"48\" class=\"elementor elementor-48\">\n\t\t\t\t<div class=\"elementor-element elementor-element-487b02c5 e-flex e-con-boxed e-con e-parent\" data-id=\"487b02c5\" data-element_type=\"container\">\n\t\t\t\t\t<div class=\"e-con-inner\">\n\t\t\t\t<div class=\"elementor-element elementor-element-6052e2d2 elementor-widget elementor-widget-text-editor\" data-id=\"6052e2d2\" data-element_type=\"widget\" data-widget_type=\"text-editor.default\">\n\t\t\t\t<div class=\"elementor-widget-container\">\n\t\t\t\t\t\t\t\t\t<p>El presente Aviso Legal regula el uso del servicio del portal de Internet con direcci\u00f3n www.annallados.com, cuyo responsable a efectos identificativos es:<\/p>\n<ul>\n<li>Responsable: ANA LLAD\u00d3S SOL\u00c9<\/li>\n<li>NIF: 78084944J<\/li>\n<li>Direcci\u00f3n: ANDADOR LUIS PUNTES, 4<\/li>\n<li>Tel\u00e9fono: 654496986<\/li>\n<li>Mail: ANNALLADOSSOLE@GMAIL.COM<\/li>\n<\/ul>\n<p><strong><u>Legislaci\u00f3n<\/u><\/strong><\/p>\n<p>Con car\u00e1cter general las relaciones entre ANA LLAD\u00d3S SOL\u00c9 con los Usuarios de sus servicios telem\u00e1ticos, presentes en la web, se encuentran sometidas a la legislaci\u00f3n y jurisdicci\u00f3n espa\u00f1olas.<\/p>\n<p>Las partes renuncian expresamente al fuero que les pudiera corresponder y someten expresamente a los Juzgados y Tribunales de ZARAGOZA para resolver cualquier controversia que pudiera surgir en la interpretaci\u00f3n o ejecuci\u00f3n de las presentes condiciones contractuales.<\/p>\n<p><strong><u>Contenido y Uso<\/u><\/strong><\/p>\n<p>El Usuario queda informado, y acepta, que el acceso a la presente web no supone, en modo alguno, el inicio de una relaci\u00f3n comercial con ANA LLAD\u00d3S SOL\u00c9.<\/p>\n<p>El titular del web no se identifica con las opiniones vertidas en el mismo por sus colaboradores. La Empresa se reserva el derecho de efectuar sin previo aviso las modificaciones que considere oportunas en su Web, pudiendo cambiar, suprimir o a\u00f1adir tanto los contenidos y servicios que se presten a trav\u00e9s de la misma como la forma en la que \u00e9stos aparezcan presentados o localizados en sus servidores.<\/p>\n<p><strong><u>Propiedad intelectual e industrial<\/u><\/strong><\/p>\n<p>Los derechos de propiedad intelectual del contenido de las p\u00e1ginas web, su dise\u00f1o gr\u00e1fico y c\u00f3digos son titularidad de ANA LLAD\u00d3S SOL\u00c9 y, por tanto, queda prohibida su reproducci\u00f3n, distribuci\u00f3n, comunicaci\u00f3n p\u00fablica, transformaci\u00f3n o cualquier otra actividad que se pueda realizar con los contenidos de sus p\u00e1ginas web ni aun citando las fuentes, salvo consentimiento por escrito de ANA LLAD\u00d3S SOL\u00c9 Todos los nombres comerciales, marcas o signos distintos de cualquier clase contenidos en las p\u00e1ginas web de la Empresa son propiedad de sus due\u00f1os y est\u00e1n protegidos por ley.<\/p>\n<p><strong><u>Enlaces (Links)<\/u><\/strong><\/p>\n<p>La presencia de enlaces (links) en las p\u00e1ginas web de ANA LLAD\u00d3S SOL\u00c9 tiene finalidad meramente informativa y en ning\u00fan caso supone sugerencia, invitaci\u00f3n o recomendaci\u00f3n sobre los mismos.<\/p>\n<p><br \/><br \/><\/p>\n<!-- \/wp:paragraph --><!-- wp:paragraph -->\n<p>\u00a0<\/p>\n<!-- \/wp:paragraph --><!-- wp:paragraph -->\n<p>\u00a0<\/p>\n<!-- \/wp:paragraph --><!-- wp:paragraph -->\n<p>\u00a0<\/p>\n<!-- \/wp:paragraph --><!-- wp:paragraph -->\n<p>\u00a0<\/p>\n<!-- \/wp:paragraph --><!-- wp:paragraph -->\n<p>\u00a0<\/p>\n<!-- \/wp:paragraph -->\t\t\t\t\t\t\t\t<\/div>\n\t\t\t\t<\/div>\n\t\t\t\t\t<\/div>\n\t\t\t\t<\/div>\n\t\t\t\t<\/div>\n\t\t","protected":false},"excerpt":{"rendered":"<p>El presente Aviso Legal regula el uso del servicio del portal de Internet con direcci\u00f3n www.annallados.com, cuyo responsable a efectos identificativos es: Responsable: ANA LLAD\u00d3S SOL\u00c9 NIF: 78084944J Direcci\u00f3n: ANDADOR LUIS PUNTES, 4 Tel\u00e9fono: 654496986 Mail: ANNALLADOSSOLE@GMAIL.COM Legislaci\u00f3n Con car\u00e1cter general las relaciones entre ANA LLAD\u00d3S SOL\u00c9 con los Usuarios de sus servicios telem\u00e1ticos, presentes [&hellip;]<\/p>\n","protected":false},"author":1,"featured_media":0,"parent":0,"menu_order":0,"comment_status":"closed","ping_status":"closed","template":"","meta":{"_eb_attr":"","footnotes":""},"class_list":["post-48","page","type-page","status-publish","hentry"],"yoast_head":"<!-- This site is optimized with the Yoast SEO plugin v24.7 - https:\/\/yoast.com\/wordpress\/plugins\/seo\/ -->\n<title>Aviso Legal - Anna Llad&oacute;s<\/title>\n<meta name=\"robots\" content=\"index, follow, max-snippet:-1, max-image-preview:large, max-video-preview:-1\" \/>\n<link rel=\"canonical\" href=\"https:\/\/www.annallados.com\/index.php\/aviso-legal\/\" \/>\n<meta property=\"og:locale\" content=\"es_ES\" \/>\n<meta property=\"og:type\" content=\"article\" \/>\n<meta property=\"og:title\" content=\"Aviso Legal - Anna Llad&oacute;s\" \/>\n<meta property=\"og:description\" content=\"El presente Aviso Legal regula el uso del servicio del portal de Internet con direcci\u00f3n www.annallados.com, cuyo responsable a efectos identificativos es: Responsable: ANA LLAD\u00d3S SOL\u00c9 NIF: 78084944J Direcci\u00f3n: ANDADOR LUIS PUNTES, 4 Tel\u00e9fono: 654496986 Mail: ANNALLADOSSOLE@GMAIL.COM Legislaci\u00f3n Con car\u00e1cter general las relaciones entre ANA LLAD\u00d3S SOL\u00c9 con los Usuarios de sus servicios telem\u00e1ticos, presentes [&hellip;]\" \/>\n<meta property=\"og:url\" content=\"https:\/\/www.annallados.com\/index.php\/aviso-legal\/\" \/>\n<meta property=\"og:site_name\" content=\"Anna Llad&oacute;s\" \/>\n<meta property=\"article:modified_time\" content=\"2025-09-23T13:36:10+00:00\" \/>\n<meta name=\"twitter:card\" content=\"summary_large_image\" \/>\n<meta name=\"twitter:label1\" content=\"Tiempo de lectura\" \/>\n\t<meta name=\"twitter:data1\" content=\"2 minutos\" \/>\n<script type=\"application\/ld+json\" class=\"yoast-schema-graph\">{\"@context\":\"https:\/\/schema.org\",\"@graph\":[{\"@type\":\"WebPage\",\"@id\":\"https:\/\/www.annallados.com\/index.php\/aviso-legal\/\",\"url\":\"https:\/\/www.annallados.com\/index.php\/aviso-legal\/\",\"name\":\"Aviso Legal - Anna Llad&oacute;s\",\"isPartOf\":{\"@id\":\"https:\/\/www.annallados.com\/#website\"},\"datePublished\":\"2025-09-23T13:27:46+00:00\",\"dateModified\":\"2025-09-23T13:36:10+00:00\",\"breadcrumb\":{\"@id\":\"https:\/\/www.annallados.com\/index.php\/aviso-legal\/#breadcrumb\"},\"inLanguage\":\"es\",\"potentialAction\":[{\"@type\":\"ReadAction\",\"target\":[\"https:\/\/www.annallados.com\/index.php\/aviso-legal\/\"]}]},{\"@type\":\"BreadcrumbList\",\"@id\":\"https:\/\/www.annallados.com\/index.php\/aviso-legal\/#breadcrumb\",\"itemListElement\":[{\"@type\":\"ListItem\",\"position\":1,\"name\":\"Portada\",\"item\":\"https:\/\/www.annallados.com\/\"},{\"@type\":\"ListItem\",\"position\":2,\"name\":\"Aviso Legal\"}]},{\"@type\":\"WebSite\",\"@id\":\"https:\/\/www.annallados.com\/#website\",\"url\":\"https:\/\/www.annallados.com\/\",\"name\":\"Anna Llad&oacute;s\",\"description\":\"Felicidad y Bienestar\",\"publisher\":{\"@id\":\"https:\/\/www.annallados.com\/#organization\"},\"potentialAction\":[{\"@type\":\"SearchAction\",\"target\":{\"@type\":\"EntryPoint\",\"urlTemplate\":\"https:\/\/www.annallados.com\/?s={search_term_string}\"},\"query-input\":{\"@type\":\"PropertyValueSpecification\",\"valueRequired\":true,\"valueName\":\"search_term_string\"}}],\"inLanguage\":\"es\"},{\"@type\":\"Organization\",\"@id\":\"https:\/\/www.annallados.com\/#organization\",\"name\":\"Anna Llad&oacute;s\",\"url\":\"https:\/\/www.annallados.com\/\",\"logo\":{\"@type\":\"ImageObject\",\"inLanguage\":\"es\",\"@id\":\"https:\/\/www.annallados.com\/#\/schema\/logo\/image\/\",\"url\":\"https:\/\/www.annallados.com\/wp-content\/uploads\/2025\/03\/cropped-logo.jpg\",\"contentUrl\":\"https:\/\/www.annallados.com\/wp-content\/uploads\/2025\/03\/cropped-logo.jpg\",\"width\":150,\"height\":150,\"caption\":\"Anna Llad&oacute;s\"},\"image\":{\"@id\":\"https:\/\/www.annallados.com\/#\/schema\/logo\/image\/\"}}]}<\/script>\n<!-- \/ Yoast SEO plugin. -->","yoast_head_json":{"title":"Aviso Legal - Anna Llad&oacute;s","robots":{"index":"index","follow":"follow","max-snippet":"max-snippet:-1","max-image-preview":"max-image-preview:large","max-video-preview":"max-video-preview:-1"},"canonical":"https:\/\/www.annallados.com\/index.php\/aviso-legal\/","og_locale":"es_ES","og_type":"article","og_title":"Aviso Legal - Anna Llad&oacute;s","og_description":"El presente Aviso Legal regula el uso del servicio del portal de Internet con direcci\u00f3n www.annallados.com, cuyo responsable a efectos identificativos es: Responsable: ANA LLAD\u00d3S SOL\u00c9 NIF: 78084944J Direcci\u00f3n: ANDADOR LUIS PUNTES, 4 Tel\u00e9fono: 654496986 Mail: ANNALLADOSSOLE@GMAIL.COM Legislaci\u00f3n Con car\u00e1cter general las relaciones entre ANA LLAD\u00d3S SOL\u00c9 con los Usuarios de sus servicios telem\u00e1ticos, presentes [&hellip;]","og_url":"https:\/\/www.annallados.com\/index.php\/aviso-legal\/","og_site_name":"Anna Llad&oacute;s","article_modified_time":"2025-09-23T13:36:10+00:00","twitter_card":"summary_large_image","twitter_misc":{"Tiempo de lectura":"2 minutos"},"schema":{"@context":"https:\/\/schema.org","@graph":[{"@type":"WebPage","@id":"https:\/\/www.annallados.com\/index.php\/aviso-legal\/","url":"https:\/\/www.annallados.com\/index.php\/aviso-legal\/","name":"Aviso Legal - Anna Llad&oacute;s","isPartOf":{"@id":"https:\/\/www.annallados.com\/#website"},"datePublished":"2025-09-23T13:27:46+00:00","dateModified":"2025-09-23T13:36:10+00:00","breadcrumb":{"@id":"https:\/\/www.annallados.com\/index.php\/aviso-legal\/#breadcrumb"},"inLanguage":"es","potentialAction":[{"@type":"ReadAction","target":["https:\/\/www.annallados.com\/index.php\/aviso-legal\/"]}]},{"@type":"BreadcrumbList","@id":"https:\/\/www.annallados.com\/index.php\/aviso-legal\/#breadcrumb","itemListElement":[{"@type":"ListItem","position":1,"name":"Portada","item":"https:\/\/www.annallados.com\/"},{"@type":"ListItem","position":2,"name":"Aviso Legal"}]},{"@type":"WebSite","@id":"https:\/\/www.annallados.com\/#website","url":"https:\/\/www.annallados.com\/","name":"Anna Llad&oacute;s","description":"Felicidad y Bienestar","publisher":{"@id":"https:\/\/www.annallados.com\/#organization"},"potentialAction":[{"@type":"SearchAction","target":{"@type":"EntryPoint","urlTemplate":"https:\/\/www.annallados.com\/?s={search_term_string}"},"query-input":{"@type":"PropertyValueSpecification","valueRequired":true,"valueName":"search_term_string"}}],"inLanguage":"es"},{"@type":"Organization","@id":"https:\/\/www.annallados.com\/#organization","name":"Anna Llad&oacute;s","url":"https:\/\/www.annallados.com\/","logo":{"@type":"ImageObject","inLanguage":"es","@id":"https:\/\/www.annallados.com\/#\/schema\/logo\/image\/","url":"https:\/\/www.annallados.com\/wp-content\/uploads\/2025\/03\/cropped-logo.jpg","contentUrl":"https:\/\/www.annallados.com\/wp-content\/uploads\/2025\/03\/cropped-logo.jpg","width":150,"height":150,"caption":"Anna Llad&oacute;s"},"image":{"@id":"https:\/\/www.annallados.com\/#\/schema\/logo\/image\/"}}]}},"_links":{"self":[{"href":"https:\/\/www.annallados.com\/index.php\/wp-json\/wp\/v2\/pages\/48","targetHints":{"allow":["GET"]}}],"collection":[{"href":"https:\/\/www.annallados.com\/index.php\/wp-json\/wp\/v2\/pages"}],"about":[{"href":"https:\/\/www.annallados.com\/index.php\/wp-json\/wp\/v2\/types\/page"}],"author":[{"embeddable":true,"href":"https:\/\/www.annallados.com\/index.php\/wp-json\/wp\/v2\/users\/1"}],"replies":[{"embeddable":true,"href":"https:\/\/www.annallados.com\/index.php\/wp-json\/wp\/v2\/comments?post=48"}],"version-history":[{"count":7,"href":"https:\/\/www.annallados.com\/index.php\/wp-json\/wp\/v2\/pages\/48\/revisions"}],"predecessor-version":[{"id":56,"href":"https:\/\/www.annallados.com\/index.php\/wp-json\/wp\/v2\/pages\/48\/revisions\/56"}],"wp:attachment":[{"href":"https:\/\/www.annallados.com\/index.php\/wp-json\/wp\/v2\/media?parent=48"}],"curies":[{"name":"wp","href":"https:\/\/api.w.org\/{rel}","templated":true}]}}